{"id":237687,"date":"2021-05-27T13:18:02","date_gmt":"2021-05-27T16:18:02","guid":{"rendered":"https:\/\/www.smartsw.com.br\/gracias-por-registrarse\/"},"modified":"2025-10-09T09:19:32","modified_gmt":"2025-10-09T12:19:32","slug":"gracias-por-registrarse","status":"publish","type":"page","link":"https:\/\/www.smartsw.com.br\/es\/gracias-por-registrarse\/","title":{"rendered":"Gracias por registrarse"},"content":{"rendered":"<p>[et_pb_section fb_built=\u00bb1&#8243; admin_label=\u00bbHeader\u00bb _builder_version=\u00bb3.22&#8243; use_background_color_gradient=\u00bbon\u00bb background_color_gradient_start=\u00bb#315770&#8243; background_color_gradient_end=\u00bb#000000&#8243; background_color_gradient_direction=\u00bb237deg\u00bb background_image=\u00bbhttps:\/\/www.smartsw.com.br\/wp-content\/uploads\/2021\/05\/hosting-company-01.png\u00bb background_size=\u00bbcontain\u00bb background_position=\u00bbbottom_center\u00bb custom_padding=\u00bb100px||4vw||false|false\u00bb animation_style=\u00bbslide\u00bb animation_direction=\u00bbtop\u00bb animation_intensity_slide=\u00bb2%\u00bb animation_starting_opacity=\u00bb100%\u00bb][et_pb_row _builder_version=\u00bb4.9.4&#8243; custom_margin=\u00bb||71px||false|false\u00bb][et_pb_column type=\u00bb4_4&#8243; _builder_version=\u00bb3.25&#8243; custom_padding=\u00bb|||\u00bb custom_padding_tablet=\u00bb0px|||\u00bb custom_padding_last_edited=\u00bboff|desktop\u00bb padding_tablet=\u00bb0px|||\u00bb padding_last_edited=\u00bboff|desktop\u00bb custom_padding__hover=\u00bb|||\u00bb][et_pb_text _builder_version=\u00bb4.9.4&#8243; text_font=\u00bb||||||||\u00bb text_text_color=\u00bb#E09900&#8243; text_font_size=\u00bb16px\u00bb text_line_height=\u00bb2em\u00bb header_font=\u00bbRubik|500|||||||\u00bb header_text_color=\u00bb#E09900&#8243; header_font_size=\u00bb64px\u00bb header_line_height=\u00bb1.2em\u00bb background_layout=\u00bbdark\u00bb header_font_size_tablet=\u00bb42px\u00bb header_font_size_phone=\u00bb32px\u00bb header_font_size_last_edited=\u00bbon|desktop\u00bb text_text_shadow_style=\u00bbpreset1&#8243; text_text_shadow_blur_strength=\u00bb2em\u00bb]<\/p>\n<h1 style=\"text-align: center;\">\u00a1Gracias por su registro!<\/h1>\n<p>[\/et_pb_text][\/et_pb_column][\/et_pb_row][\/et_pb_section][et_pb_section fb_built=\u00bb1&#8243; admin_label=\u00bbAbout\u00bb _builder_version=\u00bb3.22&#8243; custom_padding=\u00bb40px|||||\u00bb min_height=\u00bb521px\u00bb][et_pb_row column_structure=\u00bb1_2,1_2&#8243; _builder_version=\u00bb3.25&#8243; locked=\u00bboff\u00bb][et_pb_column type=\u00bb1_2&#8243; _builder_version=\u00bb3.25&#8243; custom_padding=\u00bb|||\u00bb custom_padding__hover=\u00bb|||\u00bb][et_pb_text _builder_version=\u00bb4.9.4&#8243; text_font=\u00bb||||||||\u00bb text_font_size=\u00bb16px\u00bb text_line_height=\u00bb2em\u00bb header_2_font=\u00bbRubik|500||on|||||\u00bb header_2_text_color=\u00bb#ff8f00&#8243; header_2_font_size=\u00bb14px\u00bb header_2_letter_spacing=\u00bb1px\u00bb header_2_line_height=\u00bb1.5em\u00bb header_3_font=\u00bbRubik|500|||||||\u00bb header_3_font_size=\u00bb38px\u00bb header_3_line_height=\u00bb1.4em\u00bb header_2_font_size_tablet=\u00bb42px\u00bb header_2_font_size_phone=\u00bb32px\u00bb header_2_font_size_last_edited=\u00bboff|desktop\u00bb header_3_font_size_tablet=\u00bb28px\u00bb header_3_font_size_phone=\u00bb20px\u00bb header_3_font_size_last_edited=\u00bbon|phone\u00bb locked=\u00bboff\u00bb]<\/p>\n<h2>Serie de seminarios web de Smart Software<\/h2>\n<h3>Transformaci\u00f3n Digital<\/h3>\n<p>Smart Software ha iniciado un proyecto de una serie de seminarios web sobre Transformaci\u00f3n Digital para ayudarle a usted, gestor o l\u00edder t\u00e9cnico, a encontrar los mejores caminos para alcanzar los mejores resultados en esta trayectoria.<\/p>\n<p>Smart, como profundo conocedor en el tema, sabe lo complejas que son las tomas de decisi\u00f3n y los riesgos que implican los proyectos de migraci\u00f3n legada a Cloud &amp; Digital. As\u00ed, el objetivo de esta serie es ser un camino de partida, o un punto de entendimiento con respecto a este desaf\u00edo.<\/p>\n<p>[\/et_pb_text][\/et_pb_column][et_pb_column type=\u00bb1_2&#8243; _builder_version=\u00bb3.25&#8243; custom_padding=\u00bb|||\u00bb custom_padding__hover=\u00bb|||\u00bb][et_pb_text _builder_version=\u00bb4.9.4&#8243; text_font=\u00bb||||||||\u00bb text_font_size=\u00bb16px\u00bb text_line_height=\u00bb2em\u00bb header_2_font=\u00bbRubik|500||on|||||\u00bb header_2_text_color=\u00bb#ff8f00&#8243; header_2_font_size=\u00bb14px\u00bb header_2_letter_spacing=\u00bb1px\u00bb header_2_line_height=\u00bb1.5em\u00bb header_3_font=\u00bbRubik|500|||||||\u00bb header_3_font_size=\u00bb38px\u00bb header_3_line_height=\u00bb1.4em\u00bb header_2_font_size_tablet=\u00bb42px\u00bb header_2_font_size_phone=\u00bb32px\u00bb header_2_font_size_last_edited=\u00bboff|desktop\u00bb header_3_font_size_tablet=\u00bb28px\u00bb header_3_font_size_phone=\u00bb20px\u00bb header_3_font_size_last_edited=\u00bbon|phone\u00bb locked=\u00bboff\u00bb]<\/p>\n<p>Anote los horarios para el seminario web. Se llevar\u00e1 a cabo en el horario programado y tendr\u00e1 un chat en vivo con los autores.<\/p>\n<p>Resuelva sus dudas e intente extraer el m\u00e1ximo para impulsar sus proyectos de transformaci\u00f3n y volverse competitivo en el mercado Digital.<\/p>\n<p>Le enviaremos un correo electr\u00f3nico el d\u00eda anterior para avisarle sobre la agenda. <\/p>\n<p>\u00a1Buenos estudios!<\/p>\n<p>&nbsp;<\/p>\n<p>[\/et_pb_text][\/et_pb_column][\/et_pb_row][\/et_pb_section][et_pb_section fb_built=\u00bb1&#8243; admin_label=\u00bbFooter\u00bb _builder_version=\u00bb4.9.7&#8243; use_background_color_gradient=\u00bbon\u00bb background_color_gradient_start=\u00bb#46b3ff\u00bb background_color_gradient_end=\u00bb#0752fe\u00bb background_color_gradient_direction=\u00bb237deg\u00bb background_image=\u00bbhttps:\/\/www.smartsw.com.br\/wp-content\/uploads\/2021\/05\/hosting-company-12.png\u00bb background_size=\u00bbcontain\u00bb background_position=\u00bbtop_center\u00bb custom_padding=\u00bb20vw||0px||false|false\u00bb animation_style=\u00bbslide\u00bb animation_direction=\u00bbtop\u00bb animation_intensity_slide=\u00bb5%\u00bb animation_starting_opacity=\u00bb100%\u00bb hover_enabled=\u00bb0&#8243; min_height=\u00bb100px\u00bb sticky_enabled=\u00bb0&#8243;][\/et_pb_section]<\/p>\n","protected":false},"excerpt":{"rendered":"<p>\u00a1Gracias por su registro!Serie de seminarios web de Smart Software Transformaci\u00f3n Digital Smart Software ha iniciado un proyecto de una serie de seminarios web sobre Transformaci\u00f3n Digital para ayudarle a usted, gestor o l\u00edder t\u00e9cnico, a encontrar los mejores caminos para alcanzar los mejores resultados en esta trayectoria. Smart, como profundo conocedor en el tema, [&hellip;]<\/p>\n","protected":false},"author":1,"featured_media":0,"parent":0,"menu_order":0,"comment_status":"closed","ping_status":"closed","template":"","meta":{"_et_pb_use_builder":"on","_et_pb_old_content":"","_et_gb_content_width":"","om_disable_all_campaigns":false,"_monsterinsights_skip_tracking":false,"_monsterinsights_sitenote_active":false,"_monsterinsights_sitenote_note":"","_monsterinsights_sitenote_category":0,"_uf_show_specific_survey":0,"_uf_disable_surveys":false,"footnotes":""},"class_list":["post-237687","page","type-page","status-publish","hentry"],"aioseo_notices":[],"_links":{"self":[{"href":"https:\/\/www.smartsw.com.br\/es\/wp-json\/wp\/v2\/pages\/237687","targetHints":{"allow":["GET"]}}],"collection":[{"href":"https:\/\/www.smartsw.com.br\/es\/wp-json\/wp\/v2\/pages"}],"about":[{"href":"https:\/\/www.smartsw.com.br\/es\/wp-json\/wp\/v2\/types\/page"}],"author":[{"embeddable":true,"href":"https:\/\/www.smartsw.com.br\/es\/wp-json\/wp\/v2\/users\/1"}],"replies":[{"embeddable":true,"href":"https:\/\/www.smartsw.com.br\/es\/wp-json\/wp\/v2\/comments?post=237687"}],"version-history":[{"count":6,"href":"https:\/\/www.smartsw.com.br\/es\/wp-json\/wp\/v2\/pages\/237687\/revisions"}],"predecessor-version":[{"id":237700,"href":"https:\/\/www.smartsw.com.br\/es\/wp-json\/wp\/v2\/pages\/237687\/revisions\/237700"}],"wp:attachment":[{"href":"https:\/\/www.smartsw.com.br\/es\/wp-json\/wp\/v2\/media?parent=237687"}],"curies":[{"name":"wp","href":"https:\/\/api.w.org\/{rel}","templated":true}]}}