{"id":237723,"date":"2021-05-10T01:33:54","date_gmt":"2021-05-10T04:33:54","guid":{"rendered":"https:\/\/www.smartsw.com.br\/contacto\/"},"modified":"2025-10-09T09:20:26","modified_gmt":"2025-10-09T12:20:26","slug":"contacto","status":"publish","type":"page","link":"https:\/\/www.smartsw.com.br\/es\/contacto\/","title":{"rendered":"Contacto"},"content":{"rendered":"<p>[et_pb_section fb_built=\u00bb1&#8243; admin_label=\u00bbHeader\u00bb _builder_version=\u00bb4.16&#8243; use_background_color_gradient=\u00bbon\u00bb background_color_gradient_type=\u00bbcircular\u00bb background_color_gradient_stops=\u00bb#004183 0%|#001f4c 100%\u00bb background_color_gradient_start=\u00bb#004183&#8243; background_color_gradient_end=\u00bb#001f4c\u00bb background_image=\u00bbhttps:\/\/www.smartsw.com.br\/wp-content\/uploads\/2021\/05\/cyber-security-18.png\u00bb parallax=\u00bbon\u00bb custom_padding=\u00bb0vw|||||\u00bb locked=\u00bboff\u00bb global_colors_info=\u00bb{}\u00bb][et_pb_row _builder_version=\u00bb4.16&#8243; z_index=\u00bb1&#8243; global_colors_info=\u00bb{}\u00bb][et_pb_column type=\u00bb4_4&#8243; admin_label=\u00bbColumna\u00bb _builder_version=\u00bb4.16&#8243; global_colors_info=\u00bb{}\u00bb][et_pb_text _builder_version=\u00bb4.16&#8243; text_font=\u00bb||||||||\u00bb header_font=\u00bbOverpass|900|||||||\u00bb header_font_size=\u00bb84px\u00bb background_layout=\u00bbdark\u00bb header_font_size_tablet=\u00bb54px\u00bb header_font_size_phone=\u00bb32px\u00bb header_font_size_last_edited=\u00bbon|desktop\u00bb locked=\u00bboff\u00bb global_colors_info=\u00bb{}\u00bb]<\/p>\n<h1>Cont\u00e1ctenos<\/h1>\n<p>[\/et_pb_text][et_pb_text _builder_version=\u00bb4.16&#8243; text_font=\u00bbOverpass|300|||||||\u00bb text_font_size=\u00bb17px\u00bb text_line_height=\u00bb1.8em\u00bb background_layout=\u00bbdark\u00bb text_font_size_tablet=\u00bb\u00bb text_font_size_phone=\u00bb14px\u00bb text_font_size_last_edited=\u00bbon|desktop\u00bb locked=\u00bboff\u00bb global_colors_info=\u00bb{}\u00bb]<\/p>\n<p>\u00bfQuiere saber m\u00e1s sobre nosotros? P\u00f3ngase en contacto <\/p>\n<p>[\/et_pb_text][et_pb_text _builder_version=\u00bb4.24.1&#8243; text_font=\u00bb||||||||\u00bb header_2_font=\u00bbOverpass|900|||||||\u00bb header_2_font_size=\u00bb56px\u00bb header_2_line_height=\u00bb1.1em\u00bb header_3_font=\u00bbOverpass|600|||||||\u00bb header_3_text_color=\u00bb#00b4ff\u00bb header_3_font_size=\u00bb30px\u00bb header_3_line_height=\u00bb1.2em\u00bb background_layout=\u00bbdark\u00bb hover_enabled=\u00bb0&#8243; header_2_font_size_tablet=\u00bb38px\u00bb header_2_font_size_phone=\u00bb26px\u00bb header_2_font_size_last_edited=\u00bbon|desktop\u00bb header_3_font_tablet=\u00bb\u00bb header_3_font_phone=\u00bbOverpass|700|||||||\u00bb header_3_font_last_edited=\u00bbon|phone\u00bb header_3_font_size_tablet=\u00bb24px\u00bb header_3_font_size_phone=\u00bb18px\u00bb header_3_font_size_last_edited=\u00bbon|desktop\u00bb locked=\u00bboff\u00bb global_colors_info=\u00bb{}\u00bb sticky_enabled=\u00bb0&#8243;]<\/p>\n<h3>Tel\u00e9fono: +55 (11) 2770-1359<\/h3>\n<p>[\/et_pb_text][\/et_pb_column][\/et_pb_row][\/et_pb_section][et_pb_section fb_built=\u00bb1&#8243; admin_label=\u00bbContact Info\u00bb _builder_version=\u00bb4.16&#8243; background_color=\u00bb#f1fafe\u00bb min_height=\u00bb422px\u00bb custom_padding=\u00bb||0px|||\u00bb global_colors_info=\u00bb{}\u00bb][et_pb_row column_structure=\u00bb1_3,1_3,1_3&#8243; _builder_version=\u00bb4.16&#8243; custom_margin=\u00bb|auto|-7px|auto||\u00bb locked=\u00bboff\u00bb global_colors_info=\u00bb{}\u00bb][et_pb_column type=\u00bb1_3&#8243; _builder_version=\u00bb4.16&#8243; background_color=\u00bb#ffffff\u00bb custom_padding=\u00bb50px|50px|50px|50px|true|true\u00bb custom_padding_tablet=\u00bb\u00bb custom_padding_phone=\u00bb|20px||20px||true\u00bb custom_padding_last_edited=\u00bbon|phone\u00bb border_radii=\u00bbon|10px|10px|10px|10px\u00bb box_shadow_style=\u00bbpreset1&#8243; box_shadow_vertical=\u00bb10px\u00bb box_shadow_blur=\u00bb60px\u00bb box_shadow_color=\u00bbrgba(10,45,97,0.1)\u00bb global_colors_info=\u00bb{}\u00bb][et_pb_blurb title=\u00bbNuestra Oficina\u00bb image=\u00bbhttps:\/\/www.smartsw.com.br\/wp-content\/uploads\/2021\/05\/cyber-security-icon-34.png\u00bb _builder_version=\u00bb4.16&#8243; header_font=\u00bbOverpass|900|||||||\u00bb header_line_height=\u00bb1.4em\u00bb body_font=\u00bbOverpass|300|||||||\u00bb body_line_height=\u00bb1.8em\u00bb text_orientation=\u00bbcenter\u00bb global_colors_info=\u00bb{}\u00bb]<\/p>\n<p><span>Avenida Queiroz Filho, 1700 &#8211; Torre D Conj. 205 &#8211; Vila Leopoldina<\/span><br \/>S\u00e3o Paulo, SP <span>05319-000<\/span><\/p>\n<p>[\/et_pb_blurb][\/et_pb_column][et_pb_column type=\u00bb1_3&#8243; _builder_version=\u00bb4.16&#8243; background_color=\u00bb#ffffff\u00bb transform_scale_tablet=\u00bb\u00bb transform_scale_phone=\u00bb\u00bb transform_scale_last_edited=\u00bbon|desktop\u00bb transform_translate=\u00bb0px|-56px\u00bb transform_translate_tablet=\u00bb0px|0px\u00bb transform_translate_phone=\u00bb\u00bb transform_translate_last_edited=\u00bbon|tablet\u00bb transform_translate_linked=\u00bboff\u00bb transform_rotate_tablet=\u00bb\u00bb transform_rotate_phone=\u00bb\u00bb transform_rotate_last_edited=\u00bbon|desktop\u00bb transform_skew_tablet=\u00bb\u00bb transform_skew_phone=\u00bb\u00bb transform_skew_last_edited=\u00bbon|desktop\u00bb transform_origin_tablet=\u00bb\u00bb transform_origin_phone=\u00bb\u00bb transform_origin_last_edited=\u00bbon|desktop\u00bb transform_styles_last_edited=\u00bbon|tablet\u00bb custom_padding=\u00bb50px|50px|50px|50px|true|true\u00bb custom_padding_tablet=\u00bb\u00bb custom_padding_phone=\u00bb|20px||20px||true\u00bb custom_padding_last_edited=\u00bbon|phone\u00bb transform_styles_tablet=\u00bb\u00bb transform_styles_phone=\u00bb\u00bb border_radii=\u00bbon|10px|10px|10px|10px\u00bb box_shadow_style=\u00bbpreset1&#8243; box_shadow_vertical=\u00bb10px\u00bb box_shadow_blur=\u00bb60px\u00bb box_shadow_color=\u00bbrgba(10,45,97,0.1)\u00bb global_colors_info=\u00bb{}\u00bb][et_pb_blurb title=\u00bbCont\u00e1ctenos\u00bb image=\u00bbhttps:\/\/www.smartsw.com.br\/wp-content\/uploads\/2021\/05\/cyber-security-icon-35.png\u00bb _builder_version=\u00bb4.16&#8243; header_font=\u00bbOverpass|900|||||||\u00bb header_line_height=\u00bb1.4em\u00bb body_font=\u00bbOverpass|300|||||||\u00bb body_line_height=\u00bb1.8em\u00bb body_link_font=\u00bb|600|||||||\u00bb body_link_text_color=\u00bb#00b4ff\u00bb text_orientation=\u00bbcenter\u00bb locked=\u00bboff\u00bb global_colors_info=\u00bb{}\u00bb]<\/p>\n<p><a href=\"mailto:info@divisecurity.com\">contato@smartsw.com.br<\/a><br \/><a href=\"mailto:support@divisecurity.com\">comercial@smartsw.com.br<\/a><\/p>\n<p>+55 (11) 2770-1359<\/p>\n<p>[\/et_pb_blurb][\/et_pb_column][et_pb_column type=\u00bb1_3&#8243; _builder_version=\u00bb4.16&#8243; background_color=\u00bb#ffffff\u00bb custom_padding=\u00bb50px|50px|50px|50px|true|true\u00bb custom_padding_tablet=\u00bb\u00bb custom_padding_phone=\u00bb|20px||20px||true\u00bb custom_padding_last_edited=\u00bbon|phone\u00bb border_radii=\u00bbon|10px|10px|10px|10px\u00bb box_shadow_style=\u00bbpreset1&#8243; box_shadow_vertical=\u00bb10px\u00bb box_shadow_blur=\u00bb60px\u00bb box_shadow_color=\u00bbrgba(10,45,97,0.1)\u00bb global_colors_info=\u00bb{}\u00bb][et_pb_blurb title=\u00bbSoporte\u00bb image=\u00bbhttps:\/\/www.smartsw.com.br\/wp-content\/uploads\/2021\/05\/cyber-security-icon-37.png\u00bb _builder_version=\u00bb4.16&#8243; header_font=\u00bbOverpass|900|||||||\u00bb header_line_height=\u00bb1.4em\u00bb body_font=\u00bbOverpass|300|||||||\u00bb body_line_height=\u00bb1.8em\u00bb text_orientation=\u00bbcenter\u00bb locked=\u00bboff\u00bb global_colors_info=\u00bb{}\u00bb]<\/p>\n<p>0800 103 0500<\/p>\n<p>[\/et_pb_blurb][\/et_pb_column][\/et_pb_row][\/et_pb_section][et_pb_section fb_built=\u00bb1&#8243; _builder_version=\u00bb4.16&#8243; _module_preset=\u00bbdefault\u00bb background_color=\u00bb#f1fafe\u00bb global_colors_info=\u00bb{}\u00bb][et_pb_row _builder_version=\u00bb4.16&#8243; _module_preset=\u00bbdefault\u00bb background_color=\u00bb#ffffff\u00bb custom_margin=\u00bb2px|auto||auto||\u00bb custom_padding=\u00bb40px|40px|40px|40px|true|true\u00bb border_radii=\u00bbon|24px|24px|24px|24px\u00bb box_shadow_style=\u00bbpreset1&#8243; box_shadow_vertical=\u00bb90px\u00bb box_shadow_blur=\u00bb160px\u00bb box_shadow_color=\u00bbrgba(0,0,0,0.19)\u00bb global_colors_info=\u00bb{}\u00bb][et_pb_column type=\u00bb4_4&#8243; _builder_version=\u00bb4.16&#8243; _module_preset=\u00bbdefault\u00bb global_colors_info=\u00bb{}\u00bb][et_pb_text _builder_version=\u00bb4.24.1&#8243; _module_preset=\u00bbdefault\u00bb global_colors_info=\u00bb{}\u00bb]<\/p>\n<h1><strong>Env\u00edenos sus datos y nos pondremos en contacto con usted<\/strong><\/h1>\n<p>[\/et_pb_text][dvppl_cf7_styler cf7=\u00bb25134&#8243; _builder_version=\u00bb4.16&#8243; _module_preset=\u00bbdefault\u00bb global_colors_info=\u00bb{}\u00bb][\/dvppl_cf7_styler][\/et_pb_column][\/et_pb_row][\/et_pb_section][et_pb_section fb_built=\u00bb1&#8243; fullwidth=\u00bbon\u00bb admin_label=\u00bbMap\u00bb _builder_version=\u00bb4.16&#8243; background_color=\u00bb#f1fafe\u00bb global_colors_info=\u00bb{}\u00bb][et_pb_fullwidth_map address=\u00bbAvenida Queiroz Filho 1700 &#8211; sala 205 da torre D &#8211; Vila Hamburguesa, S\u00e3o Paulo &#8211; SP, 05319-000, Brazil\u00bb zoom_level=\u00bb17&#8243; address_lat=\u00bb-23.5436382&#8243; address_lng=\u00bb-46.7331109&#8243; mouse_wheel=\u00bboff\u00bb _builder_version=\u00bb4.16&#8243; background_color=\u00bbRGBA(0,0,0,0)\u00bb filter_saturate=\u00bb0%\u00bb mix_blend_mode=\u00bbluminosity\u00bb global_colors_info=\u00bb{}\u00bb][et_pb_map_pin title=\u00bbSmart Software\u00bb pin_address=\u00bbAvenida Queiroz Filho 1700 &#8211; sala 205 da torre D &#8211; Vila Hamburguesa, S\u00e3o Paulo &#8211; SP, 05319-000, Brazil\u00bb pin_address_lat=\u00bb-23.5436382&#8243; pin_address_lng=\u00bb-46.7331109&#8243; _builder_version=\u00bb4.9.4&#8243; _module_preset=\u00bbdefault\u00bb global_colors_info=\u00bb{}\u00bb]<\/p>\n<p><strong>Smart Software<\/strong><\/p>\n<p>[\/et_pb_map_pin][\/et_pb_fullwidth_map][\/et_pb_section][et_pb_section fb_built=\u00bb1&#8243; admin_label=\u00bbFooter\u00bb _builder_version=\u00bb4.16&#8243; use_background_color_gradient=\u00bbon\u00bb background_color_gradient_type=\u00bbcircular\u00bb background_color_gradient_direction_radial=\u00bbtop right\u00bb background_color_gradient_stops=\u00bb#3122b2 0%|#00ffd8 100%\u00bb background_color_gradient_start=\u00bb#3122b2&#8243; background_color_gradient_end=\u00bb#00ffd8&#8243; background_image=\u00bbhttps:\/\/www.smartsw.com.br\/wp-content\/uploads\/2021\/05\/cyber-security-17.png\u00bb z_index=\u00bb10&#8243; overflow-x=\u00bbvisible\u00bb overflow-y=\u00bbvisible\u00bb custom_padding=\u00bb||10vw|||\u00bb locked=\u00bboff\u00bb global_colors_info=\u00bb{}\u00bb][et_pb_row column_structure=\u00bb2_5,3_5&#8243; make_equal=\u00bbon\u00bb _builder_version=\u00bb4.16&#8243; background_color=\u00bb#ffffff\u00bb custom_margin=\u00bb-146px|auto|-2px|auto||\u00bb custom_padding=\u00bb0px||0px||true\u00bb border_radii=\u00bbon|10px|10px|10px|10px\u00bb box_shadow_style=\u00bbpreset1&#8243; box_shadow_vertical=\u00bb40px\u00bb box_shadow_blur=\u00bb60px\u00bb box_shadow_spread=\u00bb-8px\u00bb box_shadow_color=\u00bbrgba(10,45,97,0.48)\u00bb locked=\u00bboff\u00bb global_colors_info=\u00bb{}\u00bb][et_pb_column type=\u00bb2_5&#8243; _builder_version=\u00bb4.16&#8243; custom_padding=\u00bb60px|40px|60px|40px|true|true\u00bb global_colors_info=\u00bb{}\u00bb][et_pb_text admin_label=\u00bbTexto\u00bb _builder_version=\u00bb4.16&#8243; header_2_font=\u00bbOverpass|900|||||||\u00bb header_2_font_size=\u00bb56px\u00bb header_2_line_height=\u00bb1.1em\u00bb header_2_font_size_tablet=\u00bb38px\u00bb header_2_font_size_phone=\u00bb26px\u00bb header_2_font_size_last_edited=\u00bbon|desktop\u00bb locked=\u00bboff\u00bb global_colors_info=\u00bb{}\u00bb]<\/p>\n<h2>Contacto<\/h2>\n<p>[\/et_pb_text][et_pb_blurb title=\u00bb+55 (11) 2770-1359&#8243; use_icon=\u00bbon\u00bb font_icon=\u00bb&#xe090;||divi||400&#8243; icon_color=\u00bb#006ac1&#8243; icon_placement=\u00bbleft\u00bb image_icon_width=\u00bb24px\u00bb _builder_version=\u00bb4.24.1&#8243; header_font=\u00bbOverpass|900|||||||\u00bb header_line_height=\u00bb1.4em\u00bb body_font=\u00bbOverpass|300|||||||\u00bb body_line_height=\u00bb1.8em\u00bb text_orientation=\u00bbcenter\u00bb hover_enabled=\u00bb0&#8243; icon_font_size=\u00bb24px\u00bb locked=\u00bboff\u00bb global_colors_info=\u00bb{}\u00bb sticky_enabled=\u00bb0&#8243;][\/et_pb_blurb][et_pb_blurb title=\u00bbQueiroz Filho, 1700 &#8211; Torre D Conj. 205 &#8211; Vila Leopoldina &#8211; S\u00e3o Paulo, SP 05319-000 \u00bb use_icon=\u00bbon\u00bb font_icon=\u00bb&#xe081;||divi||400&#8243; icon_color=\u00bb#006ac1&#8243; icon_placement=\u00bbleft\u00bb image_icon_width=\u00bb24px\u00bb _builder_version=\u00bb4.16&#8243; header_font=\u00bbOverpass|900|||||||\u00bb header_line_height=\u00bb1.4em\u00bb body_font=\u00bbOverpass|300|||||||\u00bb body_line_height=\u00bb1.8em\u00bb text_orientation=\u00bbcenter\u00bb icon_font_size=\u00bb24px\u00bb locked=\u00bboff\u00bb global_colors_info=\u00bb{}\u00bb]<\/p>\n<p>Lunes-Viernes: 9:00 &#8211; 18:00<\/p>\n<p>[\/et_pb_blurb][\/et_pb_column][et_pb_column type=\u00bb3_5&#8243; _builder_version=\u00bb4.16&#8243; use_background_color_gradient=\u00bbon\u00bb background_color_gradient_type=\u00bbcircular\u00bb background_color_gradient_direction_radial=\u00bbtop right\u00bb background_color_gradient_stops=\u00bb#00f6ff 0%|#00ffbf 100%\u00bb background_color_gradient_start=\u00bb#00f6ff\u00bb background_color_gradient_end=\u00bb#00ffbf\u00bb background_image=\u00bbhttps:\/\/www.smartsw.com.br\/wp-content\/uploads\/2021\/05\/cyber-security-010-1.png\u00bb background_size=\u00bbcontain\u00bb background_position=\u00bbbottom_left\u00bb transform_translate_linked=\u00bboff\u00bb custom_padding=\u00bb60px|40px|60px|20%|true\u00bb custom_padding_tablet=\u00bb80px|||40px\u00bb custom_padding_phone=\u00bb\u00bb custom_padding_last_edited=\u00bbon|desktop\u00bb background_last_edited=\u00bbon|desktop\u00bb background_image_tablet=\u00bbhttp:\/\/zaib.sandbox.etdevs.com\/divi\/wp-content\/uploads\/sites\/2\/2019\/06\/cyber-security-11.png\u00bb background_enable_image_tablet=\u00bbon\u00bb background_position_tablet=\u00bbtop_left\u00bb global_colors_info=\u00bb{}\u00bb][et_pb_text _builder_version=\u00bb4.16&#8243; text_font=\u00bb||||||||\u00bb header_2_font=\u00bbOverpass|900|||||||\u00bb header_2_font_size=\u00bb56px\u00bb header_2_line_height=\u00bb1.1em\u00bb text_orientation=\u00bbcenter\u00bb header_2_font_size_tablet=\u00bb38px\u00bb header_2_font_size_phone=\u00bb26px\u00bb header_2_font_size_last_edited=\u00bbon|desktop\u00bb text_text_align=\u00bbcenter\u00bb locked=\u00bboff\u00bb global_colors_info=\u00bb{}\u00bb]<\/p>\n<h2>Empezar<\/h2>\n<p>[\/et_pb_text][et_pb_text _builder_version=\u00bb4.16&#8243; text_font=\u00bbOverpass|300|||||||\u00bb text_text_color=\u00bb#0a2d61&#8243; text_font_size=\u00bb17px\u00bb text_line_height=\u00bb1.8em\u00bb text_orientation=\u00bbcenter\u00bb text_font_size_tablet=\u00bb\u00bb text_font_size_phone=\u00bb14px\u00bb text_font_size_last_edited=\u00bbon|desktop\u00bb locked=\u00bboff\u00bb global_colors_info=\u00bb{}\u00bb]<\/p>\n<p>\u00bfQuiere dar el primer paso hacia una asociaci\u00f3n exitosa? \u00a1Programe una visita virtual! <\/p>\n<p>[\/et_pb_text][et_pb_button button_url=\u00bbhttps:\/\/smartsw.rds.land\/vamos-conversar\u00bb button_text=\u00bbProgramar Visita\u00bb button_alignment=\u00bbcenter\u00bb _builder_version=\u00bb4.24.1&#8243; custom_button=\u00bbon\u00bb button_text_size=\u00bb14px\u00bb button_text_color=\u00bb#ffffff\u00bb button_bg_use_color_gradient=\u00bbon\u00bb button_bg_color_gradient_type=\u00bbcircular\u00bb button_bg_color_gradient_direction=\u00bb140deg\u00bb button_bg_color_gradient_direction_radial=\u00bbtop right\u00bb button_bg_color_gradient_stops=\u00bb#003070 0%|#001f4c 100%\u00bb button_bg_color_gradient_start=\u00bb#003070&#8243; button_bg_color_gradient_end=\u00bb#001f4c\u00bb button_border_width=\u00bb0px\u00bb button_border_radius=\u00bb100px\u00bb button_font=\u00bbOverpass|900||on|||||\u00bb button_use_icon=\u00bboff\u00bb custom_padding=\u00bb20px|30px|20px|30px|true|true\u00bb box_shadow_style=\u00bbpreset3&#8243; box_shadow_vertical=\u00bb0px\u00bb box_shadow_blur=\u00bb0px\u00bb box_shadow_spread=\u00bb-10px\u00bb box_shadow_color=\u00bbrgba(25,114,255,0.4)\u00bb locked=\u00bboff\u00bb global_colors_info=\u00bb{}\u00bb box_shadow_color__hover=\u00bb#2585b2&#8243; box_shadow_blur__hover_enabled=\u00bbon\u00bb box_shadow_blur__hover=\u00bb40px\u00bb box_shadow_vertical__hover_enabled=\u00bbon\u00bb box_shadow_vertical__hover=\u00bb10px\u00bb][\/et_pb_button][\/et_pb_column][\/et_pb_row][\/et_pb_section]<\/p>\n","protected":false},"excerpt":{"rendered":"<p>Cont\u00e1ctenos\u00bfQuiere saber m\u00e1s sobre nosotros? P\u00f3ngase en contacto Tel\u00e9fono: +55 (11) 2770-1359Avenida Queiroz Filho, 1700 &#8211; Torre D Conj. 205 &#8211; Vila LeopoldinaS\u00e3o Paulo, SP 05319-000contato@smartsw.com.brcomercial@smartsw.com.br +55 (11) 2770-13590800 103 0500Env\u00edenos sus datos y nos pondremos en contacto con usted<div class=\"et_pb_module dvppl_cf7_styler dvppl_cf7_styler_0\">\n\t\t\t\t\n\t\t\t\t\n\t\t\t\t\n\t\t\t\t\n\t\t\t\t\n\t\t\t\t\n\t\t\t\t<div class=\"et_pb_module_inner\">\n\t\t\t\t\t<div class=\"dipe-cf7-container dipe-cf7-button-left\">\n\t\t\t\t\n\t\t\t\t<div class=\"dipe-cf7 dipe-cf7-styler \">\n\t\t\t\t\t\n<div class=\"wpcf7 no-js\" id=\"wpcf7-f25134-o1\" lang=\"pt-BR\" dir=\"ltr\" data-wpcf7-id=\"25134\">\n<div class=\"screen-reader-response\"><p role=\"status\" aria-live=\"polite\" aria-atomic=\"true\"><\/p> <ul><\/ul><\/div>\n<form action=\"\/es\/wp-json\/wp\/v2\/pages\/237723#wpcf7-f25134-o1\" method=\"post\" class=\"wpcf7-form init\" aria-label=\"Formul\u00e1rios de contato\" novalidate=\"novalidate\" data-status=\"init\">\n<fieldset class=\"hidden-fields-container\"><input type=\"hidden\" name=\"_wpcf7\" value=\"25134\" \/><input type=\"hidden\" name=\"_wpcf7_version\" value=\"6.1.3\" \/><input type=\"hidden\" name=\"_wpcf7_locale\" value=\"pt_BR\" \/><input type=\"hidden\" name=\"_wpcf7_unit_tag\" value=\"wpcf7-f25134-o1\" \/><input type=\"hidden\" name=\"_wpcf7_container_post\" value=\"0\" \/><input type=\"hidden\" name=\"_wpcf7_posted_data_hash\" value=\"\" \/>\n<\/fieldset>\n<div class=\"dp-row\">\n\t\t\t\t\n   <div class=\"dp-col dp-col-12 dp-col-md-6 dp-col-lg-6\">\n\t\t\t\t<span class=\"wpcf7-form-control-wrap\" data-name=\"nome\"><input size=\"40\" maxlength=\"400\" class=\"wpcf7-form-control wpcf7-text wpcf7-validates-as-required\" aria-required=\"true\" aria-invalid=\"false\" placeholder=\"Nome\" value=\"\" type=\"text\" name=\"nome\" \/><\/span>\n        \t<\/div>\n   <div class=\"dp-col dp-col-12 dp-col-md-6 dp-col-lg-6\">\n\t\t\t\t<span class=\"wpcf7-form-control-wrap\" data-name=\"email\"><input size=\"40\" maxlength=\"400\" class=\"wpcf7-form-control wpcf7-email wpcf7-validates-as-required wpcf7-text wpcf7-validates-as-email\" aria-required=\"true\" aria-invalid=\"false\" placeholder=\"Email\" value=\"\" type=\"email\" name=\"email\" \/><\/span>\n        \t<\/div>\n\n        \t<\/div>\n<div class=\"dp-row\">\n\t\t\t\t\n   <div class=\"dp-col dp-col-12 dp-col-md-6 dp-col-lg-6\">\n\t\t\t\tCargo: <span class=\"wpcf7-form-control-wrap\" data-name=\"Cargo\"><select class=\"wpcf7-form-control wpcf7-select wpcf7-validates-as-required\" aria-required=\"true\" aria-invalid=\"false\" name=\"Cargo\"><option value=\"CEO\">CEO<\/option><option value=\"CIO\">CIO<\/option><option value=\"COO\">COO<\/option><option value=\"Diretor\">Diretor<\/option><option value=\"Analista\">Analista<\/option><option value=\"Desenvolvedor\">Desenvolvedor<\/option><option value=\"Arquiteto\">Arquiteto<\/option><option value=\"Estagi\u00e1rio\">Estagi\u00e1rio<\/option><option value=\"Gerente\/Coordenador\">Gerente\/Coordenador<\/option><option value=\"Outro\">Outro<\/option><\/select><\/span>\n        \t<\/div>\n\n        \t<\/div>\n<div class=\"dp-row\">\n\t\t\t\t\n   <div class=\"dp-col dp-col-12\">\n\t\t\t\t<span class=\"wpcf7-form-control-wrap\" data-name=\"acceptance-795\"><span class=\"wpcf7-form-control wpcf7-acceptance\"><span class=\"wpcf7-list-item\"><label><input type=\"checkbox\" name=\"acceptance-795\" value=\"1\" aria-invalid=\"false\" \/><span class=\"wpcf7-list-item-label\">Eu concordo que meus dados sejam usados para envio de newsletter, novos produtos e servi\u00e7os da Smart<\/span><\/label><\/span><\/span><\/span>\n   \n        \t<\/div>\n\n        \t<\/div>\n<input class=\"wpcf7-form-control wpcf7-submit has-spinner\" type=\"submit\" value=\"Enviar\" \/><p style=\"display: none !important;\" class=\"akismet-fields-container\" data-prefix=\"_wpcf7_ak_\"><label>&#916;<textarea name=\"_wpcf7_ak_hp_textarea\" cols=\"45\" rows=\"8\" maxlength=\"100\"><\/textarea><\/label><input type=\"hidden\" id=\"ak_js_1\" name=\"_wpcf7_ak_js\" value=\"15\"\/><script>document.getElementById( \"ak_js_1\" ).setAttribute( \"value\", ( new Date() ).getTime() );<\/script><\/p><div class=\"wpcf7-response-output\" aria-hidden=\"true\"><\/div>\n<\/form>\n<\/div>\n\n\t\t\t\t<\/div>\n\t\t\t<\/div>\n\t\t\t\t<\/div>\n\t\t\t<\/div>Smart SoftwareContactoLunes-Viernes: 9:00 &#8211; 18:00Empezar\u00bfQuiere dar el primer paso hacia una asociaci\u00f3n [&hellip;]<\/p>\n","protected":false},"author":1,"featured_media":0,"parent":0,"menu_order":0,"comment_status":"closed","ping_status":"closed","template":"","meta":{"_et_pb_use_builder":"on","_et_pb_old_content":"","_et_gb_content_width":"","om_disable_all_campaigns":false,"_monsterinsights_skip_tracking":false,"_monsterinsights_sitenote_active":false,"_monsterinsights_sitenote_note":"","_monsterinsights_sitenote_category":0,"_uf_show_specific_survey":0,"_uf_disable_surveys":false,"footnotes":""},"class_list":["post-237723","page","type-page","status-publish","hentry"],"aioseo_notices":[],"_links":{"self":[{"href":"https:\/\/www.smartsw.com.br\/es\/wp-json\/wp\/v2\/pages\/237723","targetHints":{"allow":["GET"]}}],"collection":[{"href":"https:\/\/www.smartsw.com.br\/es\/wp-json\/wp\/v2\/pages"}],"about":[{"href":"https:\/\/www.smartsw.com.br\/es\/wp-json\/wp\/v2\/types\/page"}],"author":[{"embeddable":true,"href":"https:\/\/www.smartsw.com.br\/es\/wp-json\/wp\/v2\/users\/1"}],"replies":[{"embeddable":true,"href":"https:\/\/www.smartsw.com.br\/es\/wp-json\/wp\/v2\/comments?post=237723"}],"version-history":[{"count":2,"href":"https:\/\/www.smartsw.com.br\/es\/wp-json\/wp\/v2\/pages\/237723\/revisions"}],"predecessor-version":[{"id":237725,"href":"https:\/\/www.smartsw.com.br\/es\/wp-json\/wp\/v2\/pages\/237723\/revisions\/237725"}],"wp:attachment":[{"href":"https:\/\/www.smartsw.com.br\/es\/wp-json\/wp\/v2\/media?parent=237723"}],"curies":[{"name":"wp","href":"https:\/\/api.w.org\/{rel}","templated":true}]}}